{"id":794,"date":"2019-11-14T12:10:03","date_gmt":"2019-11-14T11:10:03","guid":{"rendered":"https:\/\/innovativ-invest.com\/?page_id=794"},"modified":"2019-11-26T13:38:57","modified_gmt":"2019-11-26T12:38:57","slug":"accueil","status":"publish","type":"page","link":"https:\/\/innovativ-invest.com\/fr\/","title":{"rendered":"Accueil"},"content":{"rendered":"<!-- Slider Homepage -->\n\n<\/main>\n<div class=\"slider__wrapper alignfull\">\n  <div id=\"carouselExampleIndicators\" class=\"carousel slide\" data-ride=\"carousel\">\n    <ol class=\"carousel-indicators\">\n                    <li data-target=\"#carouselExampleIndicators\" data-slide-to=\"0\" class=\"active\"><\/li>\n                      <li data-target=\"#carouselExampleIndicators\" data-slide-to=\"1\" class=\"\"><\/li>\n                      <li data-target=\"#carouselExampleIndicators\" data-slide-to=\"2\" class=\"\"><\/li>\n              <\/ol>\n    <div class=\"carousel-inner\">\n                <div class=\"carousel-item active\">\n            <div class=\"img d-block w-100\" style=\"background-image: url(https:\/\/innovativ-invest.com\/wp-content\/uploads\/2019\/10\/home_slide_wind-1.jpg);\"><\/div>\n            <div class=\"carousel-caption d-md-block\">\n              <h4>Centrales \u00e9oliennes<\/h4>\n              <p>L&rsquo;\u00e9nergie \u00e9olienne est importante, surtout pr\u00e8s de la c\u00f4te. Ici, la brise peut faire bouger certaines choses, par exemple les \u00e9oliennes. Les investisseurs peuvent \u00e9galement faire la diff\u00e9rence en investissant dans cette m\u00e9thode propre de production d&rsquo;\u00e9nergie.<br \/>\n<a href=\"\/fr\/wind-energy\">En savoir plus<\/a><\/p>\n\n            <\/div>\n          <\/div>\n\n                    <div class=\"carousel-item \">\n            <div class=\"img d-block w-100\" style=\"background-image: url(https:\/\/innovativ-invest.com\/wp-content\/uploads\/2019\/10\/home_slide_solar-1.jpg);\"><\/div>\n            <div class=\"carousel-caption d-md-block\">\n              <h4>Panneaux photovolta\u00efques<\/h4>\n              <p>Les capteurs solaires exploitent au maximum la lumi\u00e8re du jour\u00a0: les syst\u00e8mes photovolta\u00efques collectent la lumi\u00e8re, la transforment en \u00e9nergie, puis fournissent de l&rsquo;\u00e9lectricit\u00e9. Le secteur offre des opportunit\u00e9s d&rsquo;investissement \u00e0 fort potentiel de rendement.<br \/>\n<a href=\"\/fr\/solar-energy\">En savoir plus<\/a><\/p>\n\n            <\/div>\n          <\/div>\n\n                    <div class=\"carousel-item \">\n            <div class=\"img d-block w-100\" style=\"background-image: url(https:\/\/innovativ-invest.com\/wp-content\/uploads\/2019\/10\/home_slide_real_estate.jpg);\"><\/div>\n            <div class=\"carousel-caption d-md-block\">\n              <h4>Immobilier<\/h4>\n              <p>En particulier, les zones de construction nouvellement am\u00e9nag\u00e9es peuvent \u00eatre dot\u00e9es d\u00e8s le d\u00e9part d&rsquo;appartements en copropri\u00e9t\u00e9 particuli\u00e8rement \u00e9conomes en \u00e9nergie. L&rsquo;immobilier durable fournit non seulement un espace de vie essentiel aux habitants, mais \u00e9galement des opportunit\u00e9s d&rsquo;investissement lucratives pour les investisseurs.<br \/>\n<a href=\"\/fr\/real-estate\">En savoir plus<\/a><\/p>\n\n            <\/div>\n          <\/div>\n\n          \n    <\/div>\n    <a class=\"carousel-control-prev\" href=\"#carouselExampleIndicators\" role=\"button\" data-slide=\"prev\">\n      <span class=\"carousel-control-prev-icon\" aria-hidden=\"true\"><\/span>\n      <span class=\"sr-only\">Previous<\/span>\n    <\/a>\n    <a class=\"carousel-control-next\" href=\"#carouselExampleIndicators\" role=\"button\" data-slide=\"next\">\n      <span class=\"carousel-control-next-icon\" aria-hidden=\"true\"><\/span>\n      <span class=\"sr-only\">Next<\/span>\n    <\/a>\n  <\/div>\n<\/div>\n<main class=\"main col-sm-12\">\n\n<div class=\"wp-bootstrap-blocks-row row mb-6\">\n\t\n\n<div class=\"col-12 col-md-5 d-md-block d-none\">\n\t\t\t<div class=\"p-5\">\n\t\t\t\n\n<figure class=\"wp-block-image\"><img decoding=\"async\" loading=\"lazy\" width=\"694\" height=\"632\" src=\"https:\/\/innovativ-invest.com\/wp-content\/uploads\/2019\/09\/africa.png\" alt=\"\" class=\"wp-image-205\" srcset=\"https:\/\/innovativ-invest.com\/wp-content\/uploads\/2019\/09\/africa.png 694w, https:\/\/innovativ-invest.com\/wp-content\/uploads\/2019\/09\/africa-300x273.png 300w\" sizes=\"(max-width: 694px) 100vw, 694px\" \/><\/figure>\n\n\t\t<\/div>\n\t<\/div>\n\n\n\n<div class=\"col-12 col-sm-12 col-md-7\">\n\t\t\t\n\n<h2>Bienvenue<\/h2>\n\n\n\n<p><strong>Nous sommes heureux que vous nous ayez trouv\u00e9s.&nbsp; Nous planifions des projets pour les \u00e9nergies renouvelables, acqu\u00e9rons des terres agricoles et g\u00e9rons les biens immobiliers. Ce faisant, nous contribuons au d\u00e9veloppement durable tout en cr\u00e9ant des opportunit\u00e9s d&rsquo;investissement attractives pour les investisseurs.&nbsp;<\/strong><\/p>\n\n\n\n<p>Investissez avec nous de mani\u00e8re innovante et efficace pour un avenir durable et ax\u00e9 sur la valeur&nbsp;: promouvez avec nous des projets qui vous offrent un maximum de rendement en tant qu&rsquo;investisseur et accompagnent simultan\u00e9ment le continent africain dans un d\u00e9veloppement moderne et tourn\u00e9 vers l&rsquo;avenir. Profitez des mutations actuelles avec nous et, par des investissements \u00e0 court et \u00e0 moyen termes, de la possibilit\u00e9 d&rsquo;obtenir de tr\u00e8s bons rendements.&nbsp;<\/p>\n\n\n<div class=\"wp-bootstrap-blocks-button\">\n\t<a\n\t\thref=\"https:\/\/innovativ-invest.com\/fr\/contact\/\"\n\t\t\t\t\t\tclass=\"btn mt-3 btn-primary\"\n\t>\n\t\tContact\t<\/a>\n<\/div>\n\n\t<\/div>\n\n<\/div>\n\n\n<!-- Slider Homepage -->\r\n\r\n<\/main>\r\n\r\n<div class=\"cards__wrapper horizontal bg-grey-lighter pt-6 pb-6 mb-6 alignfull\">\r\n  <div class=\"container\">\r\n\r\n    \r\n     <h2>Service<\/h2> \r\n    <div class=\"owl-carousel\">\r\n\r\n          \r\n          <div class=\"mb-5 d-md-flex align-items-stretch\">\r\n            <div class=\"card h-md-100\">\r\n              <img decoding=\"async\" class=\"card-img-top\" src=\"https:\/\/innovativ-invest.com\/wp-content\/uploads\/2019\/10\/windenergy.jpg\" alt=\"Card image\">\r\n              <div class=\"card-body pb-5\">\r\n                <h4 class=\"card-title\">\u00c9nergie \u00e9olienne<\/h4>\r\n                <p class=\"card-text\">L&rsquo;un de nos domaines d&rsquo;activit\u00e9 est la planification et la construction d\u2019\u00e9oliennes. Celles-ci permettent de g\u00e9n\u00e9rer de l&rsquo;\u00e9nergie \u00e9conome en ressources et respectueuse de l&rsquo;environnement gr\u00e2ce \u00e0 la force du vent. L&rsquo;utilisation de l&rsquo;\u00e9nergie \u00e9olienne garantit non seulement une protection de l&rsquo;environnement durable, mais ouvre \u00e9galement des opportunit\u00e9s lucratives pour des investissements \u00e0 court et \u00e0 moyen terme.<\/p>\r\n                <a href=\"https:\/\/innovativ-invest.com\/fr\/services\/energie-eolienne\/\" class=\"btn btn-secondary\">plus<\/a>\r\n              <\/div>\r\n            <\/div>\r\n          <\/div>\r\n\r\n          \r\n          <div class=\"mb-5 d-md-flex align-items-stretch\">\r\n            <div class=\"card h-md-100\">\r\n              <img decoding=\"async\" class=\"card-img-top\" src=\"https:\/\/innovativ-invest.com\/wp-content\/uploads\/2019\/09\/photovoltaik-1.jpg\" alt=\"Card image\">\r\n              <div class=\"card-body pb-5\">\r\n                <h4 class=\"card-title\">\u00c9nergie solaire<\/h4>\r\n                <p class=\"card-text\">Nous prenons en charge la planification et l&rsquo;am\u00e9nagement de syst\u00e8mes photovolta\u00efques depuis des d\u00e9cennies. Cela comprend, notamment, l\u2019acquisition de terrains adapt\u00e9s. Les syst\u00e8mes photovolta\u00efques servent \u00e0 g\u00e9n\u00e9rer de l&rsquo;\u00e9nergie \u00e9conome en ressources. On peut donc \u00e9galement y voir une forme d\u2019investissement aussi rentable que durable.<\/p>\r\n                <a href=\"https:\/\/innovativ-invest.com\/fr\/services\/energie-solaire\/\" class=\"btn btn-secondary\">plus<\/a>\r\n              <\/div>\r\n            <\/div>\r\n          <\/div>\r\n\r\n          \r\n          <div class=\"mb-5 d-md-flex align-items-stretch\">\r\n            <div class=\"card h-md-100\">\r\n              <img decoding=\"async\" class=\"card-img-top\" src=\"https:\/\/innovativ-invest.com\/wp-content\/uploads\/2019\/09\/real_estate_verschau.jpg\" alt=\"Card image\">\r\n              <div class=\"card-body pb-5\">\r\n                <h4 class=\"card-title\">Immobilier<\/h4>\r\n                <p class=\"card-text\">Nous sommes \u00e9galement actifs dans le secteur de l&rsquo;immobilier. Gr\u00e2ce \u00e0 nos nombreux contacts sur site, nous savons exactement o\u00f9 des projets de construction int\u00e9ressants sont en cours. Cela nous permet de proposer des propri\u00e9t\u00e9s attrayantes et \u00e9conomes en \u00e9nergie. Ce secteur offre aux investisseurs la possibilit\u00e9 de profiter de leurs investissements \u00e0 court et \u00e0 moyen terme. L&rsquo;immobilier offre en effet des opportunit\u00e9s de rendement lucratives.<\/p>\r\n                <a href=\"https:\/\/innovativ-invest.com\/fr\/services\/immobilier\/\" class=\"btn btn-secondary\">plus<\/a>\r\n              <\/div>\r\n            <\/div>\r\n          <\/div>\r\n\r\n          \r\n          <div class=\"mb-5 d-md-flex align-items-stretch\">\r\n            <div class=\"card h-md-100\">\r\n              <img decoding=\"async\" class=\"card-img-top\" src=\"https:\/\/innovativ-invest.com\/wp-content\/uploads\/2019\/10\/agriculture.jpg\" alt=\"Card image\">\r\n              <div class=\"card-body pb-5\">\r\n                <h4 class=\"card-title\">Agriculture<\/h4>\r\n                <p class=\"card-text\">Nous nous chargeons de l&rsquo;acquisition et de la gestion des terres agricoles. Plusieurs avantages en d\u00e9coulent\u00a0: outre la production alimentaire et la cr\u00e9ation d&#8217;emplois, il existe \u00e9galement une opportunit\u00e9 d&rsquo;investissement lucrative. Construisez pour l&rsquo;avenir avec INNOVATIV INVEST et g\u00e9n\u00e9rez des rendements importants.<\/p>\r\n                <a href=\"https:\/\/innovativ-invest.com\/fr\/services\/agriculture\/\" class=\"btn btn-secondary\">plus<\/a>\r\n              <\/div>\r\n            <\/div>\r\n          <\/div>\r\n\r\n              <\/div>\r\n\r\n          <\/div>\r\n<\/div>\r\n<main class=\"main col-sm-12\">\n\n<div class=\"wp-bootstrap-blocks-row row mb-6\">\n\t\n\n<div class=\"col-12 col-sm-4 p-sm-3 mb-5 mb-sm-0\">\n\t\t\t\n\n<figure class=\"wp-block-image size-large\"><img decoding=\"async\" loading=\"lazy\" width=\"600\" height=\"878\" src=\"https:\/\/innovativ-invest.com\/wp-content\/uploads\/2019\/11\/juergen_haertig-6.jpg\" alt=\"\" class=\"wp-image-943\" srcset=\"https:\/\/innovativ-invest.com\/wp-content\/uploads\/2019\/11\/juergen_haertig-6.jpg 600w, https:\/\/innovativ-invest.com\/wp-content\/uploads\/2019\/11\/juergen_haertig-6-205x300.jpg 205w\" sizes=\"(max-width: 600px) 100vw, 600px\" \/><\/figure>\n\n\t<\/div>\n\n\n\n<div class=\"col-12 col-sm-8 p-sm-3\">\n\t\t\t\n\n<h2>Opportunit\u00e9 d&rsquo;investissement dans les \u00e9nergies renouvelables<\/h2>\n\n\n\n<p><strong>\u00ab Depuis des d\u00e9cennies, je suis enthousiasm\u00e9 par les \u00e9nergies renouvelables dans toutes leurs modes de production. Je suis fascin\u00e9 par le fait que les formes modernes de production d&rsquo;\u00e9nergie sont toujours devenues plus \u00e9conomes en ressources, plus respectueuses de l&rsquo;environnement et moins ch\u00e8res.&nbsp;Je suis convaincu que les \u00e9nergies renouvelables offrent \u00e9galement un potentiel \u00e9conomique important \u00e0 long terme, \u00e0 partir duquel, avec le savoir-faire technique appropri\u00e9 et de nombreuses ann\u00e9es d&rsquo;exp\u00e9rience en mati\u00e8re de projets, des revenus tr\u00e8s lucratifs peuvent \u00eatre g\u00e9n\u00e9r\u00e9s.&nbsp;\u00bb<\/strong><\/p>\n\n\n\n<p>Investissez dans des projets de production d\u2019\u00e9nergie verte et \u00e9conome en ressources et profitez-en de deux mani\u00e8res, des opportunit\u00e9s de rendements lucratifs et du sentiment positif d&rsquo;avoir contribu\u00e9 \u00e0 l\u2019approvisionnement en \u00e9nergie durable, condition pr\u00e9alable \u00e0 un d\u00e9veloppement industriel positif sur le continent africain.<\/p>\n\n\n\n<hr class=\"wp-block-separator is-style-default\"\/>\n\n\n\n<p><strong>J\u00fcrgen H\u00e4rtig<\/strong><br>Directeur g\u00e9n\u00e9ral<\/p>\n\n\t<\/div>\n\n<\/div>\n\n\n\n<hr class=\"wp-block-separator is-style-wide d-none\"\/>\n\n\n\n<h2 class=\"mt-6 mb-5 d-none\">Actualit\u00e9s<\/h2>\n\n\n<!-- Slider Homepage -->\r\n<div class=\"news__wrapper mb-6 d-none \">\r\n\r\n    \r\n<\/div>\r\n\r\n\r\n\n\n<div class=\"wp-bootstrap-blocks-container container mb-2 alignfull contact__wrapper pt-6 pb-5\">\n\t\n<div class=\"wp-bootstrap-blocks-container container mb-2\">\n\t\n\n<h2 class=\"text-white\">Nous contacter<\/h2>\n\n\n<div class=\"wp-bootstrap-blocks-row row\">\n\t\n\n<div class=\"col-12 col-md-6\">\n\t\t\t\n<div class=\"wpforms-container wpforms-container-full\" id=\"wpforms-844\"><form id=\"wpforms-form-844\" class=\"wpforms-validate wpforms-form\" data-formid=\"844\" method=\"post\" enctype=\"multipart\/form-data\" action=\"\/fr\/wp-json\/wp\/v2\/pages\/794\" data-token=\"f95058a66c53d8ac43b9e9c174281b1d\"><noscript class=\"wpforms-error-noscript\">Veuillez activer JavaScript dans votre navigateur pour remplir ce formulaire.<\/noscript><div class=\"wpforms-field-container\"><div id=\"wpforms-844-field_0-container\" class=\"wpforms-field wpforms-field-name\" data-field-id=\"0\"><label class=\"wpforms-field-label wpforms-label-hide\" for=\"wpforms-844-field_0\">Nom <span class=\"wpforms-required-label\">*<\/span><\/label><input type=\"text\" id=\"wpforms-844-field_0\" class=\"wpforms-field-large wpforms-field-required\" name=\"wpforms[fields][0]\" placeholder=\"Nom\" required><\/div><div id=\"wpforms-844-field_1-container\" class=\"wpforms-field wpforms-field-email\" data-field-id=\"1\"><label class=\"wpforms-field-label wpforms-label-hide\" for=\"wpforms-844-field_1\">Email <span class=\"wpforms-required-label\">*<\/span><\/label><input type=\"email\" id=\"wpforms-844-field_1\" class=\"wpforms-field-large wpforms-field-required\" name=\"wpforms[fields][1]\" placeholder=\"E-Mail\" required><\/div><div id=\"wpforms-844-field_2-container\" class=\"wpforms-field wpforms-field-textarea\" data-field-id=\"2\"><textarea id=\"wpforms-844-field_2\" class=\"wpforms-field-medium wpforms-field-required\" name=\"wpforms[fields][2]\" placeholder=\"Message\" required><\/textarea><\/div><\/div><div class=\"wpforms-field wpforms-field-hp\"><label for=\"wpforms-844-field-hp\" class=\"wpforms-field-label\">Email<\/label><input type=\"text\" name=\"wpforms[hp]\" id=\"wpforms-844-field-hp\" class=\"wpforms-field-medium\"><\/div><div class=\"wpforms-submit-container\"><input type=\"hidden\" name=\"wpforms[id]\" value=\"844\"><input type=\"hidden\" name=\"wpforms[author]\" value=\"2\"><button type=\"submit\" name=\"wpforms[submit]\" id=\"wpforms-submit-844\" class=\"wpforms-submit btn btn-secondary\" data-alt-text=\"Envoyer...\" data-submit-text=\"Envoyer\" aria-live=\"assertive\" value=\"wpforms-submit\">Envoyer<\/button><\/div><\/form><\/div>  <!-- .wpforms-container -->\n\n\t<\/div>\n\n\n\n<div class=\"col-12 col-md-6\">\n\t\t\t\t<\/div>\n\n<\/div>\n\n<\/div>\n\n<\/div>\n","protected":false},"excerpt":{"rendered":"<p>Actualit\u00e9s... <\/p>","protected":false},"author":2,"featured_media":0,"parent":0,"menu_order":0,"comment_status":"closed","ping_status":"closed","template":"","meta":[],"acf":[],"_links":{"self":[{"href":"https:\/\/innovativ-invest.com\/fr\/wp-json\/wp\/v2\/pages\/794"}],"collection":[{"href":"https:\/\/innovativ-invest.com\/fr\/wp-json\/wp\/v2\/pages"}],"about":[{"href":"https:\/\/innovativ-invest.com\/fr\/wp-json\/wp\/v2\/types\/page"}],"author":[{"embeddable":true,"href":"https:\/\/innovativ-invest.com\/fr\/wp-json\/wp\/v2\/users\/2"}],"replies":[{"embeddable":true,"href":"https:\/\/innovativ-invest.com\/fr\/wp-json\/wp\/v2\/comments?post=794"}],"version-history":[{"count":8,"href":"https:\/\/innovativ-invest.com\/fr\/wp-json\/wp\/v2\/pages\/794\/revisions"}],"predecessor-version":[{"id":947,"href":"https:\/\/innovativ-invest.com\/fr\/wp-json\/wp\/v2\/pages\/794\/revisions\/947"}],"wp:attachment":[{"href":"https:\/\/innovativ-invest.com\/fr\/wp-json\/wp\/v2\/media?parent=794"}],"curies":[{"name":"wp","href":"https:\/\/api.w.org\/{rel}","templated":true}]}}