{"id":801,"date":"2019-11-14T12:17:32","date_gmt":"2019-11-14T11:17:32","guid":{"rendered":"https:\/\/innovativ-invest.com\/?page_id=801"},"modified":"2021-04-05T21:03:10","modified_gmt":"2021-04-05T19:03:10","slug":"a-propos-de-nous","status":"publish","type":"page","link":"https:\/\/innovativ-invest.com\/fr\/a-propos-de-nous\/","title":{"rendered":"\u00c0 propos de nous"},"content":{"rendered":"\n<p>Nous sommes des d\u00e9veloppeurs de projets pour les \u00e9nergies renouvelables. Nos travaux incluent la planification et la construction de grandes installations photovolta\u00efques et \u00e9oliennes, ainsi que l&rsquo;acquisition et la gestion de terres agricoles ainsi que la vente de biens immobiliers. Nous pouvons nous appuyer sur plus de 20 ans d\u2019exp\u00e9rience dans le d\u00e9veloppement, le financement et la mise en place d\u2019\u00e9nergies renouvelables.&nbsp;L&rsquo;utilisation des \u00e9nergies renouvelables cr\u00e9e des opportunit\u00e9s pour les investisseurs. Avec la construction de nouvelles centrales solaires et \u00e9oliennes, nous assurons non seulement une production d&rsquo;\u00e9nergie durable et propre, mais nous cr\u00e9ons \u00e9galement des opportunit\u00e9s d&rsquo;investissement tourn\u00e9es vers l&rsquo;avenir et \u00e0 fort rendement.<\/p>\n\n\n\n<p><strong>Nous nous concentrons actuellement sur le Maroc, car il y existe des facteurs optimaux pour la mise en place d\u2019\u00e9nergies renouvelables en raison d&rsquo;excellentes conditions d&rsquo;ensoleillement et de vent. \u00c0 l\u2019avenir, nous \u00e9tendrons progressivement nos activit\u00e9s \u00e0 l\u2019ensemble de la r\u00e9gion africaine.<\/strong><\/p>\n\n\n\n<hr class=\"wp-block-separator mt-6\"\/>\n\n\n<div class=\"wp-bootstrap-blocks-row row mb-3\">\n\t\n\n<div class=\"col-12 col-sm-4 pr-sm-4 p-3\">\n\t\t\t\n\n<figure class=\"wp-block-image size-large\"><img decoding=\"async\" loading=\"lazy\" width=\"600\" height=\"878\" src=\"https:\/\/innovativ-invest.com\/wp-content\/uploads\/2019\/11\/juergen_haertig-9.jpg\" alt=\"\" class=\"wp-image-972\" srcset=\"https:\/\/innovativ-invest.com\/wp-content\/uploads\/2019\/11\/juergen_haertig-9.jpg 600w, https:\/\/innovativ-invest.com\/wp-content\/uploads\/2019\/11\/juergen_haertig-9-205x300.jpg 205w\" sizes=\"(max-width: 600px) 100vw, 600px\" \/><\/figure>\n\n\t<\/div>\n\n\n\n<div class=\"col-12 col-sm-8 pt-3\">\n\t\t\t\n\n<h3 class=\"no-border text-primary\">J\u00fcrgen H\u00e4rtig<\/h3>\n\n\n\n<hr class=\"wp-block-separator is-style-default\"\/>\n\n\n\n<p><strong>Directeur g\u00e9n\u00e9ral<\/strong><\/p>\n\n\n\n<p>Depuis des d\u00e9cennies, je suis enthousiasm\u00e9 par les \u00e9nergies renouvelables dans toutes leurs modes de production. Je suis fascin\u00e9 par le fait que les formes modernes de production d\u2019\u00e9nergie sont toujours devenues plus \u00e9conomes en ressources, plus respectueuses de l\u2019environnement et moins ch\u00e8res.\u00a0Je suis convaincu que les \u00e9nergies renouvelables offrent \u00e9galement un potentiel \u00e9conomique important \u00e0 long terme, \u00e0 partir duquel, avec le savoir-faire technique appropri\u00e9 et de nombreuses ann\u00e9es d\u2019exp\u00e9rience en mati\u00e8re de projets, des revenus tr\u00e8s lucratifs peuvent \u00eatre g\u00e9n\u00e9r\u00e9s.<\/p>\n\n\t<\/div>\n\n<\/div>\n","protected":false},"excerpt":{"rendered":"<p>Nous sommes des d\u00e9veloppeurs de projets pour les \u00e9nergies renouvelables. Nos travaux incluent la planification et la construction de grandes installations photovolta\u00efques et \u00e9oliennes, ainsi que l&rsquo;acquisition et la gestion de terres agricoles ainsi que la vente de biens immobiliers.... <\/p>","protected":false},"author":2,"featured_media":0,"parent":0,"menu_order":0,"comment_status":"closed","ping_status":"closed","template":"","meta":[],"acf":[],"_links":{"self":[{"href":"https:\/\/innovativ-invest.com\/fr\/wp-json\/wp\/v2\/pages\/801"}],"collection":[{"href":"https:\/\/innovativ-invest.com\/fr\/wp-json\/wp\/v2\/pages"}],"about":[{"href":"https:\/\/innovativ-invest.com\/fr\/wp-json\/wp\/v2\/types\/page"}],"author":[{"embeddable":true,"href":"https:\/\/innovativ-invest.com\/fr\/wp-json\/wp\/v2\/users\/2"}],"replies":[{"embeddable":true,"href":"https:\/\/innovativ-invest.com\/fr\/wp-json\/wp\/v2\/comments?post=801"}],"version-history":[{"count":5,"href":"https:\/\/innovativ-invest.com\/fr\/wp-json\/wp\/v2\/pages\/801\/revisions"}],"predecessor-version":[{"id":1003,"href":"https:\/\/innovativ-invest.com\/fr\/wp-json\/wp\/v2\/pages\/801\/revisions\/1003"}],"wp:attachment":[{"href":"https:\/\/innovativ-invest.com\/fr\/wp-json\/wp\/v2\/media?parent=801"}],"curies":[{"name":"wp","href":"https:\/\/api.w.org\/{rel}","templated":true}]}}