{"id":805,"date":"2019-11-14T12:21:51","date_gmt":"2019-11-14T11:21:51","guid":{"rendered":"https:\/\/innovativ-invest.com\/?page_id=805"},"modified":"2020-07-25T16:56:40","modified_gmt":"2020-07-25T14:56:40","slug":"contact","status":"publish","type":"page","link":"https:\/\/innovativ-invest.com\/fr\/contact\/","title":{"rendered":"Contact"},"content":{"rendered":"<div class=\"wp-bootstrap-blocks-row row flex-sm-column-reverse\">\n\t\n\n<div class=\"col-12 col-md-6 mb-5 p-md-5\">\n\t\t\t\n\n<h2 class=\"grey-border\">Nous contacter<\/h2>\n\n\n\n<p>\u00cates-vous int\u00e9ress\u00e9 par les grandes opportunit\u00e9s de retour sur investissement offertes par les \u00e9nergies renouvelables&nbsp;? Ou avez-vous des questions sur nos domaines d&rsquo;activit\u00e9&nbsp;?&nbsp;<\/p>\n\n\n\n<p>Si vous souhaitez en savoir plus sur les nombreuses opportunit\u00e9s d\u2019investissement, vous pouvez nous contacter par diff\u00e9rents canaux.<\/p>\n\n\n\n<p><strong>T\u00e9l\u00e9phone&nbsp;:<\/strong> +212 (0) 66 216 52 55<br><strong>Courriel :<\/strong> info@innovativ-invest.com<\/p>\n\n\n\n<p><strong>Innovativ Invest SARL AU<\/strong><br>26, Lamsalla 3, App. 2<br>50.000 Meknes<\/p>\n\n\n\n<p><strong>Adresse de Correspondence:<\/strong><br>BP 247, Poste Principle de Meknes<br>Maroc<\/p>\n\n\n\n<p><\/p>\n\n\t<\/div>\n\n\n\n<div class=\"col-12 col-md-6 card contact p-md-5 pb-5\">\n\t\t\t\n\n<h2>Contact<\/h2>\n\n\n<div class=\"wpforms-container wpforms-container-full\" id=\"wpforms-844\"><form id=\"wpforms-form-844\" class=\"wpforms-validate wpforms-form\" data-formid=\"844\" method=\"post\" enctype=\"multipart\/form-data\" action=\"\/fr\/wp-json\/wp\/v2\/pages\/805\" data-token=\"f95058a66c53d8ac43b9e9c174281b1d\"><noscript class=\"wpforms-error-noscript\">Veuillez activer JavaScript dans votre navigateur pour remplir ce formulaire.<\/noscript><div class=\"wpforms-field-container\"><div id=\"wpforms-844-field_0-container\" class=\"wpforms-field wpforms-field-name\" data-field-id=\"0\"><label class=\"wpforms-field-label wpforms-label-hide\" for=\"wpforms-844-field_0\">Nom <span class=\"wpforms-required-label\">*<\/span><\/label><input type=\"text\" id=\"wpforms-844-field_0\" class=\"wpforms-field-large wpforms-field-required\" name=\"wpforms[fields][0]\" placeholder=\"Nom\" required><\/div><div id=\"wpforms-844-field_1-container\" class=\"wpforms-field wpforms-field-email\" data-field-id=\"1\"><label class=\"wpforms-field-label wpforms-label-hide\" for=\"wpforms-844-field_1\">Email <span class=\"wpforms-required-label\">*<\/span><\/label><input type=\"email\" id=\"wpforms-844-field_1\" class=\"wpforms-field-large wpforms-field-required\" name=\"wpforms[fields][1]\" placeholder=\"E-Mail\" required><\/div><div id=\"wpforms-844-field_2-container\" class=\"wpforms-field wpforms-field-textarea\" data-field-id=\"2\"><textarea id=\"wpforms-844-field_2\" class=\"wpforms-field-medium wpforms-field-required\" name=\"wpforms[fields][2]\" placeholder=\"Message\" required><\/textarea><\/div><\/div><div class=\"wpforms-field wpforms-field-hp\"><label for=\"wpforms-844-field-hp\" class=\"wpforms-field-label\">Website<\/label><input type=\"text\" name=\"wpforms[hp]\" id=\"wpforms-844-field-hp\" class=\"wpforms-field-medium\"><\/div><div class=\"wpforms-submit-container\"><input type=\"hidden\" name=\"wpforms[id]\" value=\"844\"><input type=\"hidden\" name=\"wpforms[author]\" value=\"2\"><button type=\"submit\" name=\"wpforms[submit]\" id=\"wpforms-submit-844\" class=\"wpforms-submit btn btn-secondary\" data-alt-text=\"Envoyer...\" data-submit-text=\"Envoyer\" aria-live=\"assertive\" value=\"wpforms-submit\">Envoyer<\/button><\/div><\/form><\/div>  <!-- .wpforms-container -->\n\n\n\n<hr class=\"wp-block-separator d-md-none mb-0\"\/>\n\n\t<\/div>\n\n<\/div>\n\n\n\n<figure class=\"wp-block-image alignfull d-none d-md-block\"><img decoding=\"async\" loading=\"lazy\" width=\"4156\" height=\"1604\" src=\"https:\/\/innovativ-invest.com\/wp-content\/uploads\/2019\/10\/Kontakt_karte-6.png\" alt=\"\" class=\"wp-image-379\" srcset=\"https:\/\/innovativ-invest.com\/wp-content\/uploads\/2019\/10\/Kontakt_karte-6.png 4156w, https:\/\/innovativ-invest.com\/wp-content\/uploads\/2019\/10\/Kontakt_karte-6-300x116.png 300w, https:\/\/innovativ-invest.com\/wp-content\/uploads\/2019\/10\/Kontakt_karte-6-768x296.png 768w, https:\/\/innovativ-invest.com\/wp-content\/uploads\/2019\/10\/Kontakt_karte-6-1024x395.png 1024w\" sizes=\"(max-width: 4156px) 100vw, 4156px\" \/><\/figure>\n\n\n\n<figure class=\"wp-block-image alignfull d-block d-md-none\"><img decoding=\"async\" loading=\"lazy\" width=\"550\" height=\"550\" src=\"https:\/\/innovativ-invest.com\/wp-content\/uploads\/2019\/10\/61gpfo51.bmp\" alt=\"\" class=\"wp-image-384\" srcset=\"https:\/\/innovativ-invest.com\/wp-content\/uploads\/2019\/10\/61gpfo51.bmp 550w, https:\/\/innovativ-invest.com\/wp-content\/uploads\/2019\/10\/61gpfo51-150x150.bmp 150w, https:\/\/innovativ-invest.com\/wp-content\/uploads\/2019\/10\/61gpfo51-300x300.bmp 300w\" sizes=\"(max-width: 550px) 100vw, 550px\" \/><\/figure>\n","protected":false},"excerpt":{"rendered":"... <\/p>","protected":false},"author":2,"featured_media":0,"parent":0,"menu_order":0,"comment_status":"closed","ping_status":"closed","template":"","meta":[],"acf":[],"_links":{"self":[{"href":"https:\/\/innovativ-invest.com\/fr\/wp-json\/wp\/v2\/pages\/805"}],"collection":[{"href":"https:\/\/innovativ-invest.com\/fr\/wp-json\/wp\/v2\/pages"}],"about":[{"href":"https:\/\/innovativ-invest.com\/fr\/wp-json\/wp\/v2\/types\/page"}],"author":[{"embeddable":true,"href":"https:\/\/innovativ-invest.com\/fr\/wp-json\/wp\/v2\/users\/2"}],"replies":[{"embeddable":true,"href":"https:\/\/innovativ-invest.com\/fr\/wp-json\/wp\/v2\/comments?post=805"}],"version-history":[{"count":7,"href":"https:\/\/innovativ-invest.com\/fr\/wp-json\/wp\/v2\/pages\/805\/revisions"}],"predecessor-version":[{"id":988,"href":"https:\/\/innovativ-invest.com\/fr\/wp-json\/wp\/v2\/pages\/805\/revisions\/988"}],"wp:attachment":[{"href":"https:\/\/innovativ-invest.com\/fr\/wp-json\/wp\/v2\/media?parent=805"}],"curies":[{"name":"wp","href":"https:\/\/api.w.org\/{rel}","templated":true}]}}