{"id":808,"date":"2019-11-14T12:31:17","date_gmt":"2019-11-14T11:31:17","guid":{"rendered":"https:\/\/innovativ-invest.com\/?page_id=808"},"modified":"2021-04-03T02:06:46","modified_gmt":"2021-04-03T00:06:46","slug":"mentions-legales","status":"publish","type":"page","link":"https:\/\/innovativ-invest.com\/fr\/mentions-legales\/","title":{"rendered":"Mentions l\u00e9gales"},"content":{"rendered":"\n<p><strong>Publi\u00e9 par<br><\/strong>SOCI\u00c9T\u00c9 INNOVATIV INVEST SARL AU<br><br><strong>Registered offices<\/strong><br>M\u00e9kn\u00e8s, Maroc<\/p>\n\n\n\n<p><strong>SOCI\u00c9T\u00c9 INNOVATIV INVEST SARL AU<\/strong><br>26, Lamsalla 3, App. 2\u00a0<br>50000 M\u00e9kn\u00e8s<\/p>\n\n\n\n<hr class=\"wp-block-separator\"\/>\n\n\n\n<p><strong>Photos<\/strong><br>https:\/\/www.shutterstock.com\/de\/image-photo\/windmills-564320584?src=library<br>https:\/\/www.shutterstock.com\/de\/image-photo\/installing-solar-cell-on-roof-1056264089?src=library<br>https:\/\/www.shutterstock.com\/de\/image-photo\/newspaper-computer-on-table-740792344?src=library<br>https:\/\/www.shutterstock.com\/de\/image-photo\/wind-turbine-aerial-view-sustainable-development-610574567?src=library<br>https:\/\/www.shutterstock.com\/de\/image-photo\/electrician-engineer-work-tester-measuring-voltage-1469712527?src=library<br>https:\/\/www.shutterstock.com\/de\/image-illustration\/solar-energy-system-photovoltaic-cell-panels-616155593?src=library<br>https:\/\/www.shutterstock.com\/de\/image-photo\/contact-us-hand-businessman-holding-mobile-740444881?src=library<br>https:\/\/www.shutterstock.com\/de\/image-photo\/wheat-fields-below-moroccan-atlas-mountains-1016923876?src=library<\/p>\n","protected":false},"excerpt":{"rendered":"<p>Publi\u00e9 parSOCI\u00c9T\u00c9 INNOVATIV INVEST SARL AU Registered officesM\u00e9kn\u00e8s, Maroc SOCI\u00c9T\u00c9 INNOVATIV INVEST SARL AU26, Lamsalla 3, App. 2\u00a050000 M\u00e9kn\u00e8s Photoshttps:\/\/www.shutterstock.com\/de\/image-photo\/windmills-564320584?src=libraryhttps:\/\/www.shutterstock.com\/de\/image-photo\/installing-solar-cell-on-roof-1056264089?src=libraryhttps:\/\/www.shutterstock.com\/de\/image-photo\/newspaper-computer-on-table-740792344?src=libraryhttps:\/\/www.shutterstock.com\/de\/image-photo\/wind-turbine-aerial-view-sustainable-development-610574567?src=libraryhttps:\/\/www.shutterstock.com\/de\/image-photo\/electrician-engineer-work-tester-measuring-voltage-1469712527?src=libraryhttps:\/\/www.shutterstock.com\/de\/image-illustration\/solar-energy-system-photovoltaic-cell-panels-616155593?src=libraryhttps:\/\/www.shutterstock.com\/de\/image-photo\/contact-us-hand-businessman-holding-mobile-740444881?src=libraryhttps:\/\/www.shutterstock.com\/de\/image-photo\/wheat-fields-below-moroccan-atlas-mountains-1016923876?src=library... <\/p>","protected":false},"author":2,"featured_media":0,"parent":0,"menu_order":0,"comment_status":"closed","ping_status":"closed","template":"","meta":[],"acf":[],"_links":{"self":[{"href":"https:\/\/innovativ-invest.com\/fr\/wp-json\/wp\/v2\/pages\/808"}],"collection":[{"href":"https:\/\/innovativ-invest.com\/fr\/wp-json\/wp\/v2\/pages"}],"about":[{"href":"https:\/\/innovativ-invest.com\/fr\/wp-json\/wp\/v2\/types\/page"}],"author":[{"embeddable":true,"href":"https:\/\/innovativ-invest.com\/fr\/wp-json\/wp\/v2\/users\/2"}],"replies":[{"embeddable":true,"href":"https:\/\/innovativ-invest.com\/fr\/wp-json\/wp\/v2\/comments?post=808"}],"version-history":[{"count":6,"href":"https:\/\/innovativ-invest.com\/fr\/wp-json\/wp\/v2\/pages\/808\/revisions"}],"predecessor-version":[{"id":1001,"href":"https:\/\/innovativ-invest.com\/fr\/wp-json\/wp\/v2\/pages\/808\/revisions\/1001"}],"wp:attachment":[{"href":"https:\/\/innovativ-invest.com\/fr\/wp-json\/wp\/v2\/media?parent=808"}],"curies":[{"name":"wp","href":"https:\/\/api.w.org\/{rel}","templated":true}]}}