{"id":841,"date":"2019-11-14T13:08:26","date_gmt":"2019-11-14T12:08:26","guid":{"rendered":"https:\/\/innovativ-invest.com\/?page_id=841"},"modified":"2019-11-14T13:09:15","modified_gmt":"2019-11-14T12:09:15","slug":"service","status":"publish","type":"page","link":"https:\/\/innovativ-invest.com\/fr\/service\/","title":{"rendered":"Service"},"content":{"rendered":"<!-- Slider Homepage -->\r\n\r\n<\/main>\r\n\r\n<div class=\"cards__wrapper vertikal  \">\r\n  <div class=\"container\">\r\n\r\n    \r\n    \r\n    <div class=\"card mb-4\">\r\n      <div class=\"row mx-0\">\r\n\r\n        <div class=\"col-md-4 p-0\">\r\n          <div class=\"image\" style=\"background-image: url( https:\/\/innovativ-invest.com\/wp-content\/uploads\/2019\/09\/photovoltaik-1.jpg)\"><\/div>\r\n        <\/div>\r\n        <div class=\"col-md-8 p-5 \">\r\n          <div class=\"card-block px-0\">\r\n            <h4 class=\"card-title\">\u00c9nergie solaire<\/h4>\r\n            <p class=\"card-text\">Nous prenons en charge la planification et l&rsquo;am\u00e9nagement de syst\u00e8mes photovolta\u00efques depuis des d\u00e9cennies. Cela comprend, notamment, l\u2019acquisition de terrains adapt\u00e9s. Les syst\u00e8mes photovolta\u00efques servent \u00e0 g\u00e9n\u00e9rer de l&rsquo;\u00e9nergie \u00e9conome en ressources. On peut donc \u00e9galement y voir une forme d\u2019investissement aussi rentable que durable.<\/p>\r\n            <a href=\"https:\/\/innovativ-invest.com\/fr\/services\/energie-solaire\/\" class=\"btn btn-secondary mt-3\">plus<\/a>\r\n          <\/div>\r\n        <\/div>\r\n      <\/div>\r\n    <\/div>\r\n    \r\n    <div class=\"card mb-4\">\r\n      <div class=\"row mx-0\">\r\n\r\n        <div class=\"col-md-4 p-0\">\r\n          <div class=\"image\" style=\"background-image: url( https:\/\/innovativ-invest.com\/wp-content\/uploads\/2019\/09\/real_estate_verschau.jpg)\"><\/div>\r\n        <\/div>\r\n        <div class=\"col-md-8 p-5 \">\r\n          <div class=\"card-block px-0\">\r\n            <h4 class=\"card-title\">Immobilier<\/h4>\r\n            <p class=\"card-text\">Nous sommes \u00e9galement actifs dans le secteur de l&rsquo;immobilier. Gr\u00e2ce \u00e0 nos nombreux contacts sur site, nous savons exactement o\u00f9 des projets de construction int\u00e9ressants sont en cours. Cela nous permet de proposer des propri\u00e9t\u00e9s attrayantes et \u00e9conomes en \u00e9nergie. Ce secteur offre aux investisseurs la possibilit\u00e9 de profiter de leurs investissements \u00e0 court et \u00e0 moyen terme. L&rsquo;immobilier offre en effet des opportunit\u00e9s de rendement lucratives.<\/p>\r\n            <a href=\"https:\/\/innovativ-invest.com\/fr\/services\/immobilier\/\" class=\"btn btn-secondary mt-3\">plus<\/a>\r\n          <\/div>\r\n        <\/div>\r\n      <\/div>\r\n    <\/div>\r\n    \r\n    <div class=\"card mb-4\">\r\n      <div class=\"row mx-0\">\r\n\r\n        <div class=\"col-md-4 p-0\">\r\n          <div class=\"image\" style=\"background-image: url( https:\/\/innovativ-invest.com\/wp-content\/uploads\/2019\/10\/windenergy.jpg)\"><\/div>\r\n        <\/div>\r\n        <div class=\"col-md-8 p-5 \">\r\n          <div class=\"card-block px-0\">\r\n            <h4 class=\"card-title\">\u00c9nergie \u00e9olienne<\/h4>\r\n            <p class=\"card-text\">L&rsquo;un de nos domaines d&rsquo;activit\u00e9 est la planification et la construction d\u2019\u00e9oliennes. Celles-ci permettent de g\u00e9n\u00e9rer de l&rsquo;\u00e9nergie \u00e9conome en ressources et respectueuse de l&rsquo;environnement gr\u00e2ce \u00e0 la force du vent. L&rsquo;utilisation de l&rsquo;\u00e9nergie \u00e9olienne garantit non seulement une protection de l&rsquo;environnement durable, mais ouvre \u00e9galement des opportunit\u00e9s lucratives pour des investissements \u00e0 court et \u00e0 moyen terme.<\/p>\r\n            <a href=\"https:\/\/innovativ-invest.com\/fr\/services\/energie-eolienne\/\" class=\"btn btn-secondary mt-3\">plus<\/a>\r\n          <\/div>\r\n        <\/div>\r\n      <\/div>\r\n    <\/div>\r\n    \r\n    <div class=\"card mb-4\">\r\n      <div class=\"row mx-0\">\r\n\r\n        <div class=\"col-md-4 p-0\">\r\n          <div class=\"image\" style=\"background-image: url( https:\/\/innovativ-invest.com\/wp-content\/uploads\/2019\/10\/agriculture.jpg)\"><\/div>\r\n        <\/div>\r\n        <div class=\"col-md-8 p-5 \">\r\n          <div class=\"card-block px-0\">\r\n            <h4 class=\"card-title\">Agriculture<\/h4>\r\n            <p class=\"card-text\">Nous nous chargeons de l&rsquo;acquisition et de la gestion des terres agricoles. Plusieurs avantages en d\u00e9coulent\u00a0: outre la production alimentaire et la cr\u00e9ation d&#8217;emplois, il existe \u00e9galement une opportunit\u00e9 d&rsquo;investissement lucrative. Construisez pour l&rsquo;avenir avec INNOVATIV INVEST et g\u00e9n\u00e9rez des rendements importants.<\/p>\r\n            <a href=\"https:\/\/innovativ-invest.com\/fr\/services\/agriculture\/\" class=\"btn btn-secondary mt-3\">plus<\/a>\r\n          <\/div>\r\n        <\/div>\r\n      <\/div>\r\n    <\/div>\r\n              <\/div>\r\n<\/div>\r\n<main class=\"main col-sm-12\">","protected":false},"excerpt":{"rendered":"... <\/p>","protected":false},"author":2,"featured_media":0,"parent":0,"menu_order":0,"comment_status":"closed","ping_status":"closed","template":"","meta":[],"acf":[],"_links":{"self":[{"href":"https:\/\/innovativ-invest.com\/fr\/wp-json\/wp\/v2\/pages\/841"}],"collection":[{"href":"https:\/\/innovativ-invest.com\/fr\/wp-json\/wp\/v2\/pages"}],"about":[{"href":"https:\/\/innovativ-invest.com\/fr\/wp-json\/wp\/v2\/types\/page"}],"author":[{"embeddable":true,"href":"https:\/\/innovativ-invest.com\/fr\/wp-json\/wp\/v2\/users\/2"}],"replies":[{"embeddable":true,"href":"https:\/\/innovativ-invest.com\/fr\/wp-json\/wp\/v2\/comments?post=841"}],"version-history":[{"count":2,"href":"https:\/\/innovativ-invest.com\/fr\/wp-json\/wp\/v2\/pages\/841\/revisions"}],"predecessor-version":[{"id":845,"href":"https:\/\/innovativ-invest.com\/fr\/wp-json\/wp\/v2\/pages\/841\/revisions\/845"}],"wp:attachment":[{"href":"https:\/\/innovativ-invest.com\/fr\/wp-json\/wp\/v2\/media?parent=841"}],"curies":[{"name":"wp","href":"https:\/\/api.w.org\/{rel}","templated":true}]}}